{"id":16,"date":"2016-07-11T21:37:42","date_gmt":"2016-07-11T20:37:42","guid":{"rendered":"http:\/\/aspauvernier.ch\/?page_id=16"},"modified":"2019-08-04T10:09:54","modified_gmt":"2019-08-04T09:09:54","slug":"bref-historique","status":"publish","type":"page","link":"https:\/\/aspauvernier.ch\/index.php\/bref-historique\/","title":{"rendered":"Bref historique"},"content":{"rendered":"<p>Notre amicale a \u00e9t\u00e9 cr\u00e9\u00e9e le 13 juillet 1992 pour renforcer les liens entre les membres du corps des sapeurs-pompiers d&rsquo;Auvernier. Elle fait partie de l&rsquo;ASLA (Association des Soci\u00e9t\u00e9s Locales d&rsquo;Auvernier)<\/p>\n<p>Les sapeurs-pompiers ayant \u00e9volu\u00e9 (plusieurs regroupements intercommunaux ont eu lieu), l&rsquo;amicale s&rsquo;est \u00e9galement transform\u00e9e.<\/p>\n<p>Elle accueille \u00e0 pr\u00e9sent des sapeurs-pompiers actifs du Syndicat de D\u00e9fense Incendie du Littoral (SDIL), d&rsquo;anciens sapeurs-pompiers de divers corps et aussi des amis de ces membres.<\/p>\n<p>L&rsquo;amicale a son si\u00e8ge \u00e0 Auvernier (commune de <a href=\"http:\/\/www.milvignes.ch\" target=\"_blank\" rel=\"noopener noreferrer\">Milvignes<\/a>.)<\/p>\n","protected":false},"excerpt":{"rendered":"<p>Notre amicale a \u00e9t\u00e9 cr\u00e9\u00e9e le 13 juillet 1992 pour renforcer les liens entre les membres du corps des sapeurs-pompiers d&rsquo;Auvernier. Elle fait partie de l&rsquo;ASLA (Association des Soci\u00e9t\u00e9s Locales d&rsquo;Auvernier) Les sapeurs-pompiers ayant \u00e9volu\u00e9 (plusieurs regroupements intercommunaux ont eu lieu), l&rsquo;amicale s&rsquo;est \u00e9galement transform\u00e9e. Elle accueille \u00e0 pr\u00e9sent des sapeurs-pompiers actifs du Syndicat de &hellip; <a href=\"https:\/\/aspauvernier.ch\/index.php\/bref-historique\/\" class=\"more-link\">Continuer la lecture de <span class=\"screen-reader-text\">Bref historique<\/span><\/a><\/p>\n","protected":false},"author":2,"featured_media":0,"parent":0,"menu_order":0,"comment_status":"closed","ping_status":"closed","template":"","meta":{"_crdt_document":"","footnotes":""},"class_list":["post-16","page","type-page","status-publish","hentry"],"_links":{"self":[{"href":"https:\/\/aspauvernier.ch\/index.php\/wp-json\/wp\/v2\/pages\/16","targetHints":{"allow":["GET"]}}],"collection":[{"href":"https:\/\/aspauvernier.ch\/index.php\/wp-json\/wp\/v2\/pages"}],"about":[{"href":"https:\/\/aspauvernier.ch\/index.php\/wp-json\/wp\/v2\/types\/page"}],"author":[{"embeddable":true,"href":"https:\/\/aspauvernier.ch\/index.php\/wp-json\/wp\/v2\/users\/2"}],"replies":[{"embeddable":true,"href":"https:\/\/aspauvernier.ch\/index.php\/wp-json\/wp\/v2\/comments?post=16"}],"version-history":[{"count":6,"href":"https:\/\/aspauvernier.ch\/index.php\/wp-json\/wp\/v2\/pages\/16\/revisions"}],"predecessor-version":[{"id":275,"href":"https:\/\/aspauvernier.ch\/index.php\/wp-json\/wp\/v2\/pages\/16\/revisions\/275"}],"wp:attachment":[{"href":"https:\/\/aspauvernier.ch\/index.php\/wp-json\/wp\/v2\/media?parent=16"}],"curies":[{"name":"wp","href":"https:\/\/api.w.org\/{rel}","templated":true}]}}