{"id":26,"date":"2016-07-11T21:51:36","date_gmt":"2016-07-11T20:51:36","guid":{"rendered":"http:\/\/aspauvernier.ch\/?page_id=26"},"modified":"2026-03-22T14:53:13","modified_gmt":"2026-03-22T13:53:13","slug":"membres","status":"publish","type":"page","link":"https:\/\/aspauvernier.ch\/index.php\/membres\/","title":{"rendered":"Membres"},"content":{"rendered":"\n<p class=\"wp-block-paragraph\">Notre soci\u00e9t\u00e9 a un effectif modeste, mais elle accueille volontiers de nouveaux membres. C&rsquo;est notre assembl\u00e9e g\u00e9n\u00e9rale qui examine les candidatures. L&rsquo;Amicale est ouverte indistinctement aux femmes et aux hommes.<\/p>\n\n\n\n<p class=\"wp-block-paragraph\">La soci\u00e9t\u00e9 au 22 mars 2026 :<\/p>\n\n\n\n<p class=\"wp-block-paragraph\">Pr\u00e9sident : Patrick Auderset<\/p>\n\n\n\n<p class=\"wp-block-paragraph\">Vice-pr\u00e9sident : Yann Ravezzani<\/p>\n\n\n\n<p class=\"wp-block-paragraph\">Caissier : Daniel Etter<\/p>\n\n\n\n<p class=\"wp-block-paragraph\">Secr\u00e9taire : Pierre-Gilles Pochon<\/p>\n\n\n\n<p class=\"wp-block-paragraph\">Membres : Julie Perez, Patrick Arranger, Rapha\u00ebl Paillard,\u00a0Michel Pokorni, Christian Steiner.<\/p>\n\n\n\n<p class=\"wp-block-paragraph\">Si vous \u00eates attach\u00e9 au village d&rsquo;Auvernier, que vous \u00eates pr\u00eat \u00e0 payer 30.- de cotisation annuelle, dispos\u00e9 \u00e0 donner un peu de votre temps, surtout \u00e0 la F\u00eate des Vendanges, approchez-vous d&rsquo;un membre de l&rsquo;amicale pour plus d&rsquo;infos.<\/p>\n\n\n\n<p class=\"wp-block-paragraph\"><\/p>\n","protected":false},"excerpt":{"rendered":"<p>Notre soci\u00e9t\u00e9 a un effectif modeste, mais elle accueille volontiers de nouveaux membres. C&rsquo;est notre assembl\u00e9e g\u00e9n\u00e9rale qui examine les candidatures. L&rsquo;Amicale est ouverte indistinctement aux femmes et aux hommes. La soci\u00e9t\u00e9 au 22 mars 2026 : Pr\u00e9sident : Patrick Auderset Vice-pr\u00e9sident : Yann Ravezzani Caissier : Daniel Etter Secr\u00e9taire : Pierre-Gilles Pochon Membres : &hellip; <a href=\"https:\/\/aspauvernier.ch\/index.php\/membres\/\" class=\"more-link\">Continuer la lecture de <span class=\"screen-reader-text\">Membres<\/span><\/a><\/p>\n","protected":false},"author":2,"featured_media":0,"parent":0,"menu_order":0,"comment_status":"closed","ping_status":"closed","template":"","meta":{"_crdt_document":"","footnotes":""},"class_list":["post-26","page","type-page","status-publish","hentry"],"_links":{"self":[{"href":"https:\/\/aspauvernier.ch\/index.php\/wp-json\/wp\/v2\/pages\/26","targetHints":{"allow":["GET"]}}],"collection":[{"href":"https:\/\/aspauvernier.ch\/index.php\/wp-json\/wp\/v2\/pages"}],"about":[{"href":"https:\/\/aspauvernier.ch\/index.php\/wp-json\/wp\/v2\/types\/page"}],"author":[{"embeddable":true,"href":"https:\/\/aspauvernier.ch\/index.php\/wp-json\/wp\/v2\/users\/2"}],"replies":[{"embeddable":true,"href":"https:\/\/aspauvernier.ch\/index.php\/wp-json\/wp\/v2\/comments?post=26"}],"version-history":[{"count":11,"href":"https:\/\/aspauvernier.ch\/index.php\/wp-json\/wp\/v2\/pages\/26\/revisions"}],"predecessor-version":[{"id":425,"href":"https:\/\/aspauvernier.ch\/index.php\/wp-json\/wp\/v2\/pages\/26\/revisions\/425"}],"wp:attachment":[{"href":"https:\/\/aspauvernier.ch\/index.php\/wp-json\/wp\/v2\/media?parent=26"}],"curies":[{"name":"wp","href":"https:\/\/api.w.org\/{rel}","templated":true}]}}