{"id":48,"date":"2016-07-12T13:57:44","date_gmt":"2016-07-12T12:57:44","guid":{"rendered":"http:\/\/aspauvernier.ch\/?page_id=48"},"modified":"2019-08-04T10:09:54","modified_gmt":"2019-08-04T09:09:54","slug":"statuts","status":"publish","type":"page","link":"https:\/\/aspauvernier.ch\/index.php\/statuts\/","title":{"rendered":"Statuts"},"content":{"rendered":"<p>Cliquez ici pour t\u00e9l\u00e9charger les statuts de la soci\u00e9t\u00e9.<\/p>\n<p><a href=\"http:\/\/aspauvernier.ch\/wp-content\/uploads\/2016\/07\/Statuts-Amicale-sapeurs-pompiers-Auvernier-version-2016.pdf\" target=\"_blank\" rel=\"noopener noreferrer\">Statuts Amicale sapeurs-pompiers Auvernier<\/a><\/p>\n","protected":false},"excerpt":{"rendered":"<p>Cliquez ici pour t\u00e9l\u00e9charger les statuts de la soci\u00e9t\u00e9. Statuts Amicale sapeurs-pompiers Auvernier<\/p>\n","protected":false},"author":2,"featured_media":0,"parent":0,"menu_order":0,"comment_status":"closed","ping_status":"closed","template":"","meta":{"_crdt_document":"","footnotes":""},"class_list":["post-48","page","type-page","status-publish","hentry"],"_links":{"self":[{"href":"https:\/\/aspauvernier.ch\/index.php\/wp-json\/wp\/v2\/pages\/48","targetHints":{"allow":["GET"]}}],"collection":[{"href":"https:\/\/aspauvernier.ch\/index.php\/wp-json\/wp\/v2\/pages"}],"about":[{"href":"https:\/\/aspauvernier.ch\/index.php\/wp-json\/wp\/v2\/types\/page"}],"author":[{"embeddable":true,"href":"https:\/\/aspauvernier.ch\/index.php\/wp-json\/wp\/v2\/users\/2"}],"replies":[{"embeddable":true,"href":"https:\/\/aspauvernier.ch\/index.php\/wp-json\/wp\/v2\/comments?post=48"}],"version-history":[{"count":4,"href":"https:\/\/aspauvernier.ch\/index.php\/wp-json\/wp\/v2\/pages\/48\/revisions"}],"predecessor-version":[{"id":278,"href":"https:\/\/aspauvernier.ch\/index.php\/wp-json\/wp\/v2\/pages\/48\/revisions\/278"}],"wp:attachment":[{"href":"https:\/\/aspauvernier.ch\/index.php\/wp-json\/wp\/v2\/media?parent=48"}],"curies":[{"name":"wp","href":"https:\/\/api.w.org\/{rel}","templated":true}]}}